{"id":9,"date":"2024-10-13T11:16:38","date_gmt":"2024-10-13T11:16:38","guid":{"rendered":"https:\/\/asalve.com\/?page_id=9"},"modified":"2024-10-13T12:54:13","modified_gmt":"2024-10-13T12:54:13","slug":"pagina-de-inicio","status":"publish","type":"page","link":"https:\/\/asalve.com\/","title":{"rendered":"P\u00e1gina de inicio"},"content":{"rendered":"\n<div class=\"wp-block-cover alignfull is-light\" style=\"min-height:100vh;aspect-ratio:unset;\"><span aria-hidden=\"true\" class=\"wp-block-cover__background has-background-dim-20 has-background-dim\"><\/span><video class=\"wp-block-cover__video-background intrinsic-ignore\" autoplay muted loop playsinline src=\"https:\/\/demo.wpzoom.com\/inspiro-lite\/files\/2022\/03\/Pexels-Videos-1409899-1.mp4\" data-object-fit=\"cover\"><\/video><div class=\"wp-block-cover__inner-container has-global-padding is-layout-constrained wp-block-cover-is-layout-constrained\">\n<p class=\"has-text-align-center has-white-color has-text-color has-max-60-font-size\" style=\"font-style:normal;font-weight:900;line-height:1.2\"><strong>Asesor\u00eda \u00c1lvarez Velasco.<\/strong><\/p>\n\n\n\n<p class=\"has-text-align-center has-white-color has-text-color has-medium-font-size\"><\/p>\n\n\n\n<p class=\"has-text-align-center has-white-color has-text-color has-medium-font-size\">Tu confianza es nuestra prioridad..<\/p>\n\n\n\n<div style=\"height:55px\" aria-hidden=\"true\" class=\"wp-block-spacer\"><\/div>\n\n\n\n<div class=\"wp-block-buttons is-content-justification-center is-layout-flex wp-container-core-buttons-is-layout-a89b3969 wp-block-buttons-is-layout-flex\">\n<div class=\"wp-block-button is-style-outline is-style-outline--1\"><a class=\"wp-block-button__link has-white-color has-text-color wp-element-button\" href=\"https:\/\/asalve.com\/index.php\/contacto-2\" style=\"border-radius:0px\">contacto<\/a><\/div>\n<\/div>\n<\/div><\/div>\n\n\n\n<div class=\"wp-block-group alignfull pattern_multiple_covers has-background has-global-padding is-layout-constrained wp-block-group-is-layout-constrained\" id=\"services\" style=\"background-color:#f8f8f8\">\n<p class=\"has-text-align-left has-secondary-color has-text-color\" style=\"letter-spacing:1px\">Nuestros servicios: <\/p>\n\n\n\n<p class=\"has-text-align-left\">En Asesor\u00eda \u00c1lvarez Velasco podemos ayudarte en todo lo que necesites. Ofrecemos servicios de asesor\u00eda laboral, contable y fiscal, as\u00ed como la gesti\u00f3n de tr\u00e1mites notariales. Nuestro objetivo es hacer que la administraci\u00f3n de tu negocio sea m\u00e1s f\u00e1cil y eficiente.<\/p>\n\n\n\n<p><\/p>\n\n\n\n<p class=\"has-text-align-left\"><\/p>\n\n\n\n<div style=\"height:46px\" aria-hidden=\"true\" class=\"wp-block-spacer\"><\/div>\n\n\n\n<div class=\"wp-block-columns is-layout-flex wp-container-core-columns-is-layout-28f84493 wp-block-columns-is-layout-flex\">\n<div class=\"wp-block-column is-layout-flow wp-block-column-is-layout-flow\" style=\"padding-top:0;padding-right:0;padding-bottom:0;padding-left:0\">\n<div class=\"wp-block-cover has-custom-content-position is-position-bottom-left\" style=\"padding-top:var(--wp--preset--spacing--small);padding-right:var(--wp--preset--spacing--x-small);padding-bottom:var(--wp--preset--spacing--small);padding-left:var(--wp--preset--spacing--x-small)\"><span aria-hidden=\"true\" class=\"wp-block-cover__background has-primary-background-color has-background-dim-70 has-background-dim\"><\/span><img loading=\"lazy\" decoding=\"async\" width=\"2560\" height=\"1696\" class=\"wp-block-cover__image-background wp-image-28\" alt=\"\" src=\"http:\/\/asalve.com\/wp-content\/uploads\/2024\/10\/DSC_1066_junco_buena-scaled.jpg\" data-object-fit=\"cover\" srcset=\"https:\/\/asalve.com\/wp-content\/uploads\/2024\/10\/DSC_1066_junco_buena-scaled.jpg 2560w, https:\/\/asalve.com\/wp-content\/uploads\/2024\/10\/DSC_1066_junco_buena-300x199.jpg 300w, https:\/\/asalve.com\/wp-content\/uploads\/2024\/10\/DSC_1066_junco_buena-1024x678.jpg 1024w, https:\/\/asalve.com\/wp-content\/uploads\/2024\/10\/DSC_1066_junco_buena-2000x1325.jpg 2000w\" sizes=\"auto, (max-width: 2560px) 100vw, 2560px\" \/><div class=\"wp-block-cover__inner-container is-layout-flow wp-block-cover-is-layout-flow\">\n<h3 class=\"wp-block-heading has-white-color has-text-color has-medium-font-size\" style=\"margin-top:0;margin-right:0;margin-bottom:0;margin-left:0\">laboral<\/h3>\n\n\n\n<p class=\"has-secondary-color has-text-color has-link-color wp-elements-aa077d78daa874abd9c7b9af827f32ce\" style=\"margin-top:0;margin-right:0;margin-bottom:0;margin-left:0\"><a href=\"https:\/\/asalve.com\/index.php\/contacto-2\/\" data-type=\"page\" data-id=\"11\">Contacto<\/a> \u2192<\/p>\n<\/div><\/div>\n<\/div>\n\n\n\n<div class=\"wp-block-column is-layout-flow wp-block-column-is-layout-flow\" style=\"padding-top:0;padding-right:0;padding-bottom:0;padding-left:0\">\n<div class=\"wp-block-cover has-custom-content-position is-position-bottom-left\" style=\"padding-top:var(--wp--preset--spacing--small);padding-right:var(--wp--preset--spacing--x-small);padding-bottom:var(--wp--preset--spacing--small);padding-left:var(--wp--preset--spacing--x-small)\"><span aria-hidden=\"true\" class=\"wp-block-cover__background has-primary-background-color has-background-dim-70 has-background-dim\"><\/span><img loading=\"lazy\" decoding=\"async\" width=\"2560\" height=\"1696\" class=\"wp-block-cover__image-background wp-image-30\" alt=\"\" src=\"http:\/\/asalve.com\/wp-content\/uploads\/2024\/10\/DSC_0993-scaled.jpg\" data-object-fit=\"cover\" srcset=\"https:\/\/asalve.com\/wp-content\/uploads\/2024\/10\/DSC_0993-scaled.jpg 2560w, https:\/\/asalve.com\/wp-content\/uploads\/2024\/10\/DSC_0993-300x199.jpg 300w, https:\/\/asalve.com\/wp-content\/uploads\/2024\/10\/DSC_0993-1024x678.jpg 1024w, https:\/\/asalve.com\/wp-content\/uploads\/2024\/10\/DSC_0993-2000x1325.jpg 2000w\" sizes=\"auto, (max-width: 2560px) 100vw, 2560px\" \/><div class=\"wp-block-cover__inner-container is-layout-flow wp-block-cover-is-layout-flow\">\n<h3 class=\"wp-block-heading has-white-color has-text-color has-medium-font-size\" style=\"margin-top:0;margin-right:0;margin-bottom:0;margin-left:0\">contable<\/h3>\n\n\n\n<p class=\"has-secondary-color has-text-color has-link-color wp-elements-aa077d78daa874abd9c7b9af827f32ce\" style=\"margin-top:0;margin-right:0;margin-bottom:0;margin-left:0\"><a href=\"https:\/\/asalve.com\/index.php\/contacto-2\/\" data-type=\"page\" data-id=\"11\">Contacto<\/a> \u2192<\/p>\n<\/div><\/div>\n<\/div>\n\n\n\n<div class=\"wp-block-column is-layout-flow wp-block-column-is-layout-flow\" style=\"padding-top:0;padding-right:0;padding-bottom:0;padding-left:0\">\n<div class=\"wp-block-cover has-custom-content-position is-position-bottom-left\" style=\"padding-top:var(--wp--preset--spacing--small);padding-right:var(--wp--preset--spacing--x-small);padding-bottom:var(--wp--preset--spacing--small);padding-left:var(--wp--preset--spacing--x-small)\"><span aria-hidden=\"true\" class=\"wp-block-cover__background has-primary-background-color has-background-dim-70 has-background-dim\"><\/span><img loading=\"lazy\" decoding=\"async\" width=\"2560\" height=\"1696\" class=\"wp-block-cover__image-background wp-image-31\" alt=\"\" src=\"http:\/\/asalve.com\/wp-content\/uploads\/2024\/10\/DSC_1083_otono_hojas_y_madera-scaled.jpg\" data-object-fit=\"cover\" srcset=\"https:\/\/asalve.com\/wp-content\/uploads\/2024\/10\/DSC_1083_otono_hojas_y_madera-scaled.jpg 2560w, https:\/\/asalve.com\/wp-content\/uploads\/2024\/10\/DSC_1083_otono_hojas_y_madera-300x199.jpg 300w, https:\/\/asalve.com\/wp-content\/uploads\/2024\/10\/DSC_1083_otono_hojas_y_madera-1024x678.jpg 1024w, https:\/\/asalve.com\/wp-content\/uploads\/2024\/10\/DSC_1083_otono_hojas_y_madera-2000x1325.jpg 2000w\" sizes=\"auto, (max-width: 2560px) 100vw, 2560px\" \/><div class=\"wp-block-cover__inner-container is-layout-flow wp-block-cover-is-layout-flow\">\n<h3 class=\"wp-block-heading has-white-color has-text-color has-medium-font-size\" style=\"margin-top:0;margin-right:0;margin-bottom:0;margin-left:0\">fiscal<\/h3>\n\n\n\n<p class=\"has-secondary-color has-text-color has-link-color wp-elements-aa077d78daa874abd9c7b9af827f32ce\" style=\"margin-top:0;margin-right:0;margin-bottom:0;margin-left:0\"><a href=\"https:\/\/asalve.com\/index.php\/contacto-2\/\" data-type=\"page\" data-id=\"11\">Contacto<\/a> \u2192<\/p>\n<\/div><\/div>\n<\/div>\n<\/div>\n\n\n\n<div style=\"height:103px\" aria-hidden=\"true\" class=\"wp-block-spacer\"><\/div>\n<\/div>\n\n\n\n<div class=\"wp-block-group alignfull has-global-padding is-layout-constrained wp-block-group-is-layout-constrained\">\n<div class=\"wp-block-group has-global-padding is-layout-constrained wp-block-group-is-layout-constrained\" style=\"padding-top:var(--wp--preset--spacing--small);padding-bottom:var(--wp--preset--spacing--small)\">\n<div style=\"height:30px\" aria-hidden=\"true\" class=\"wp-block-spacer\"><\/div>\n\n\n\n<div class=\"wp-block-columns is-layout-flex wp-container-core-columns-is-layout-c375d253 wp-block-columns-is-layout-flex\">\n<div class=\"wp-block-column is-vertically-aligned-center is-layout-flow wp-block-column-is-layout-flow\">\n<h2 class=\"wp-block-heading has-medium-font-size\" style=\"text-transform:uppercase\">sobre nosotros&#8230;<\/h2>\n\n\n\n<p>Con m\u00e1s de 30 a\u00f1os de experiencia en el sector, en Asesor\u00eda \u00c1lvarez Velasco te ofrecemos la confianza y el respaldo que necesitas.<\/p>\n\n\n\n<div class=\"wp-block-buttons is-horizontal is-content-justification-left is-layout-flex wp-container-core-buttons-is-layout-20be11b6 wp-block-buttons-is-layout-flex\">\n<div class=\"wp-block-button is-style-outline is-style-outline--2\"><a class=\"wp-block-button__link wp-element-button\" href=\"https:\/\/asalve.com\/index.php\/acerca-de\/\" style=\"border-radius:0px\">contacto<\/a><\/div>\n<\/div>\n\n\n\n<p><\/p>\n<\/div>\n\n\n\n<div class=\"wp-block-column is-layout-flow wp-block-column-is-layout-flow\">\n<figure class=\"wp-block-image size-full\"><img loading=\"lazy\" decoding=\"async\" width=\"768\" height=\"576\" src=\"https:\/\/asalve.com\/wp-content\/uploads\/2024\/10\/TORMENTA-FIRMA-768x576-1.jpg\" alt=\"\" class=\"wp-image-38\" srcset=\"https:\/\/asalve.com\/wp-content\/uploads\/2024\/10\/TORMENTA-FIRMA-768x576-1.jpg 768w, https:\/\/asalve.com\/wp-content\/uploads\/2024\/10\/TORMENTA-FIRMA-768x576-1-300x225.jpg 300w\" sizes=\"auto, (max-width: 768px) 100vw, 768px\" \/><\/figure>\n<\/div>\n<\/div>\n\n\n\n<div style=\"height:30px\" aria-hidden=\"true\" class=\"wp-block-spacer\"><\/div>\n<\/div>\n<\/div>\n\n\n\n<div class=\"wp-block-group alignfull has-background has-global-padding is-layout-constrained wp-block-group-is-layout-constrained\" style=\"background-color:#f8f8f8\">\n<div class=\"wp-block-group has-global-padding is-layout-constrained wp-block-group-is-layout-constrained\" style=\"padding-top:var(--wp--preset--spacing--small);padding-bottom:var(--wp--preset--spacing--small)\">\n<div style=\"height:30px\" aria-hidden=\"true\" class=\"wp-block-spacer\"><\/div>\n\n\n\n<div class=\"wp-block-columns are-vertically-aligned-center is-layout-flex wp-container-core-columns-is-layout-c375d253 wp-block-columns-is-layout-flex\">\n<div class=\"wp-block-column is-vertically-aligned-center is-layout-flow wp-block-column-is-layout-flow\">\n<figure class=\"wp-block-image size-large\"><img loading=\"lazy\" decoding=\"async\" width=\"1024\" height=\"768\" src=\"http:\/\/asalve.com\/wp-content\/uploads\/2024\/10\/IMG_3647-1024x768.jpg\" alt=\"\" class=\"wp-image-40\" srcset=\"https:\/\/asalve.com\/wp-content\/uploads\/2024\/10\/IMG_3647-1024x768.jpg 1024w, https:\/\/asalve.com\/wp-content\/uploads\/2024\/10\/IMG_3647-300x225.jpg 300w, https:\/\/asalve.com\/wp-content\/uploads\/2024\/10\/IMG_3647-2000x1500.jpg 2000w\" sizes=\"auto, (max-width: 1024px) 100vw, 1024px\" \/><\/figure>\n<\/div>\n\n\n\n<div class=\"wp-block-column is-vertically-aligned-center is-layout-flow wp-block-column-is-layout-flow\">\n<h2 class=\"wp-block-heading has-medium-font-size\" style=\"text-transform:uppercase\">cercan\u00eda&#8230;<\/h2>\n\n\n\n<p>En la Ribera del \u00d3rbigo, somos tu asesor\u00eda de confianza: cercan\u00eda y experiencia a tu servicio para acompa\u00f1arte en cada paso.<\/p>\n\n\n\n<div class=\"wp-block-buttons is-layout-flex wp-block-buttons-is-layout-flex\">\n<div class=\"wp-block-button is-style-outline is-style-outline--3\"><a class=\"wp-block-button__link wp-element-button\" href=\"https:\/\/asalve.com\/index.php\/acerca-de\/\" style=\"border-radius:0px\">contacto<\/a><\/div>\n<\/div>\n<\/div>\n<\/div>\n\n\n\n<div style=\"height:30px\" aria-hidden=\"true\" class=\"wp-block-spacer\"><\/div>\n<\/div>\n<\/div>\n","protected":false},"excerpt":{"rendered":"<p>Nuestros servicios: En Asesor\u00eda \u00c1lvarez Velasco podemos ayudarte en todo lo que necesites. Ofrecemos servicios de asesor\u00eda laboral, contable y fiscal, as\u00ed como la gesti\u00f3n de tr\u00e1mites notariales. Nuestro objetivo es hacer que la administraci\u00f3n de tu negocio sea m\u00e1s f\u00e1cil y eficiente. sobre nosotros&#8230; Con m\u00e1s de 30 a\u00f1os de experiencia en el sector, &hellip; <\/p>\n<p class=\"link-more\"><a href=\"https:\/\/asalve.com\/\" class=\"more-link\">Leer m\u00e1s<span class=\"screen-reader-text\"> \u00abP\u00e1gina de inicio\u00bb<\/span><\/a><\/p>\n","protected":false},"author":1,"featured_media":0,"parent":0,"menu_order":0,"comment_status":"closed","ping_status":"closed","template":"page-templates\/homepage-no-hero.php","meta":{"footnotes":""},"class_list":["post-9","page","type-page","status-publish","hentry"],"jetpack_sharing_enabled":true,"_links":{"self":[{"href":"https:\/\/asalve.com\/index.php\/wp-json\/wp\/v2\/pages\/9","targetHints":{"allow":["GET"]}}],"collection":[{"href":"https:\/\/asalve.com\/index.php\/wp-json\/wp\/v2\/pages"}],"about":[{"href":"https:\/\/asalve.com\/index.php\/wp-json\/wp\/v2\/types\/page"}],"author":[{"embeddable":true,"href":"https:\/\/asalve.com\/index.php\/wp-json\/wp\/v2\/users\/1"}],"replies":[{"embeddable":true,"href":"https:\/\/asalve.com\/index.php\/wp-json\/wp\/v2\/comments?post=9"}],"version-history":[{"count":13,"href":"https:\/\/asalve.com\/index.php\/wp-json\/wp\/v2\/pages\/9\/revisions"}],"predecessor-version":[{"id":76,"href":"https:\/\/asalve.com\/index.php\/wp-json\/wp\/v2\/pages\/9\/revisions\/76"}],"wp:attachment":[{"href":"https:\/\/asalve.com\/index.php\/wp-json\/wp\/v2\/media?parent=9"}],"curies":[{"name":"wp","href":"https:\/\/api.w.org\/{rel}","templated":true}]}}